{"id":195,"date":"2023-01-06T03:56:45","date_gmt":"2023-01-06T03:56:45","guid":{"rendered":"https:\/\/gaviaspreview.com\/wp\/gowilds\/?page_id=195"},"modified":"2025-10-13T16:49:07","modified_gmt":"2025-10-13T16:49:07","slug":"destination","status":"publish","type":"page","link":"https:\/\/biedronkawycieczki.com\/en\/destination\/","title":{"rendered":"Miejsce docelowe"},"content":{"rendered":"<div data-elementor-type=\"wp-page\" data-elementor-id=\"195\" class=\"elementor elementor-195\">\n\t\t\t\t\t\t<section class=\"elementor-section elementor-top-section elementor-element elementor-element-94e9059 elementor-section-height-min-height elementor-section-boxed elementor-section-height-default elementor-section-items-middle wpr-particle-no wpr-jarallax-no wpr-parallax-no wpr-sticky-section-no wpr-equal-height-no\" data-id=\"94e9059\" data-element_type=\"section\" data-e-type=\"section\" data-settings=\"{&quot;background_background&quot;:&quot;classic&quot;}\">\n\t\t\t\t\t\t\t<div class=\"elementor-background-overlay\"><\/div>\n\t\t\t\t\t\t\t<div class=\"elementor-container elementor-column-gap-default\">\n\t\t\t\t\t<div class=\"elementor-column elementor-col-100 elementor-top-column elementor-element elementor-element-2c58aa4\" data-id=\"2c58aa4\" data-element_type=\"column\" data-e-type=\"column\">\n\t\t\t<div class=\"elementor-widget-wrap elementor-element-populated\">\n\t\t\t\t\t\t<div class=\"elementor-element elementor-element-87190e7 elementor-widget__width-auto elementor-widget elementor-widget-gva_post_name\" data-id=\"87190e7\" data-element_type=\"widget\" data-e-type=\"widget\" data-widget_type=\"gva_post_name.default\">\n\t\t\t\t<div class=\"elementor-widget-container\">\n\t\t\t\t\t<div class=\"gva-element-gva_post_name gva-element\">\r\n<div class=\"gowilds-post-title\">\r\n   <h1 class=\"post-title\">\r\n      <span>Miejsce docelowe<\/span>\r\n   <\/h1>\r\n<\/div>   <\/div>\t\t\t\t<\/div>\n\t\t\t\t<\/div>\n\t\t\t\t<div class=\"elementor-element elementor-element-a5db207 elementor-widget elementor-widget-heading\" data-id=\"a5db207\" data-element_type=\"widget\" data-e-type=\"widget\" data-widget_type=\"heading.default\">\n\t\t\t\t\t<h2 class=\"elementor-heading-title elementor-size-default\">biedronka wycieczki<\/h2>\t\t\t\t<\/div>\n\t\t\t\t\t<\/div>\n\t\t<\/div>\n\t\t\t\t\t<\/div>\n\t\t<\/section>\n\t\t\t\t<section class=\"elementor-section elementor-top-section elementor-element elementor-element-a09658d elementor-section-boxed elementor-section-height-default elementor-section-height-default wpr-particle-no wpr-jarallax-no wpr-parallax-no wpr-sticky-section-no wpr-equal-height-no\" data-id=\"a09658d\" data-element_type=\"section\" data-e-type=\"section\" data-settings=\"{&quot;background_background&quot;:&quot;classic&quot;}\">\n\t\t\t\t\t\t<div class=\"elementor-container elementor-column-gap-default\">\n\t\t\t\t\t<div class=\"elementor-column elementor-col-100 elementor-top-column elementor-element elementor-element-7252ba0\" data-id=\"7252ba0\" data-element_type=\"column\" data-e-type=\"column\">\n\t\t\t<div class=\"elementor-widget-wrap elementor-element-populated\">\n\t\t\t\t\t\t<div class=\"elementor-element elementor-element-ecfb6a7 elementor-widget elementor-widget-gva-heading-block\" data-id=\"ecfb6a7\" data-element_type=\"widget\" data-e-type=\"widget\" data-widget_type=\"gva-heading-block.default\">\n\t\t\t\t<div class=\"elementor-widget-container\">\n\t\t\t\t\t<div class=\"gva-element-gva-heading-block gva-element\">   <div class=\"align-center style-1 widget gsc-heading box-align-left auto-responsive\">\r\n      <div class=\"content-inner\">\r\n         \r\n                  \r\n         <div class=\"sub-title\"><span class=\"tagline\">Kierunki Podr\u00f3\u017cy<\/span><\/div>  \r\n         \r\n                     <h2 class=\"title\">\r\n               <span>\u2728 Odkryj najpi\u0119kniejsze miejsca w Egipcie \ud83c\uddea\ud83c\uddec<\/span>\r\n            <\/h2>\r\n                  \r\n         \r\n         \r\n      <\/div>\r\n   <\/div>\r\n<\/div>\t\t\t\t<\/div>\n\t\t\t\t<\/div>\n\t\t\t\t<section class=\"elementor-section elementor-inner-section elementor-element elementor-element-9add3e0 elementor-section-boxed elementor-section-height-default elementor-section-height-default wpr-particle-no wpr-jarallax-no wpr-parallax-no wpr-sticky-section-no wpr-equal-height-no\" data-id=\"9add3e0\" data-element_type=\"section\" data-e-type=\"section\">\n\t\t\t\t\t\t<div class=\"elementor-container elementor-column-gap-default\">\n\t\t\t\t\t<div class=\"elementor-column elementor-col-50 elementor-inner-column elementor-element elementor-element-7152980\" data-id=\"7152980\" data-element_type=\"column\" data-e-type=\"column\">\n\t\t\t<div class=\"elementor-widget-wrap elementor-element-populated\">\n\t\t\t\t\t\t<div class=\"elementor-element elementor-element-1dba61e elementor-widget elementor-widget-ba_banner\" data-id=\"1dba61e\" data-element_type=\"widget\" data-e-type=\"widget\" data-widget_type=\"ba_banner.default\">\n\t\t\t\t<div class=\"elementor-widget-container\">\n\t\t\t\t\t<div class=\"gva-element-ba_banner gva-element\">\r\n<div class=\"lt-banner-one__single text-left\"><div class=\"lt-banner-one__wrap\"><span class=\"lt-banner-one__count\">51&nbsp;Wycieczki <\/span><div class=\"lt-banner-one__image\"><img decoding=\"async\" src=\"https:\/\/biedronkawycieczki.com\/wp-content\/uploads\/2025\/10\/mezquita-hurghada.jpg\" alt=\"raj nad Morzem Czerwonym\" \/><\/div><div class=\"lt-banner-one__content\"><div class=\"lt-banner-one__subtitle\">Hurghada<\/div><h3 class=\"lt-banner-one__title\">raj nad Morzem Czerwonym<\/h3><\/div><a class=\"lt-banner-one__link\"  href=\"https:\/\/biedronkawycieczki.com\/en\/ba_location\/hurghada\/\"><\/a><\/div><\/div>\r\n\r\n<\/div>\t\t\t\t<\/div>\n\t\t\t\t<\/div>\n\t\t\t\t\t<\/div>\n\t\t<\/div>\n\t\t\t\t<div class=\"elementor-column elementor-col-50 elementor-inner-column elementor-element elementor-element-348462b\" data-id=\"348462b\" data-element_type=\"column\" data-e-type=\"column\">\n\t\t\t<div class=\"elementor-widget-wrap elementor-element-populated\">\n\t\t\t\t\t\t<div class=\"elementor-element elementor-element-be25f72 elementor-widget elementor-widget-ba_banner\" data-id=\"be25f72\" data-element_type=\"widget\" data-e-type=\"widget\" data-widget_type=\"ba_banner.default\">\n\t\t\t\t<div class=\"elementor-widget-container\">\n\t\t\t\t\t<div class=\"gva-element-ba_banner gva-element\">\r\n<div class=\"lt-banner-one__single text-left\"><div class=\"lt-banner-one__wrap\"><span class=\"lt-banner-one__count\">27&nbsp;Wycieczki <\/span><div class=\"lt-banner-one__image\"><img decoding=\"async\" src=\"https:\/\/biedronkawycieczki.com\/wp-content\/uploads\/2025\/10\/received_937675906722932-1.jpeg\" alt=\"spok\u00f3j, natura i rafy koralowe\" \/><\/div><div class=\"lt-banner-one__content\"><div class=\"lt-banner-one__subtitle\">Marsa Alam<\/div><h3 class=\"lt-banner-one__title\">spok\u00f3j, natura i rafy koralowe<\/h3><\/div><a class=\"lt-banner-one__link\"  href=\"https:\/\/biedronkawycieczki.com\/en\/ba_location\/marsa-alam\/\"><\/a><\/div><\/div>\r\n\r\n<\/div>\t\t\t\t<\/div>\n\t\t\t\t<\/div>\n\t\t\t\t\t<\/div>\n\t\t<\/div>\n\t\t\t\t\t<\/div>\n\t\t<\/section>\n\t\t\t\t<section class=\"elementor-section elementor-inner-section elementor-element elementor-element-ac06bbd elementor-section-boxed elementor-section-height-default elementor-section-height-default wpr-particle-no wpr-jarallax-no wpr-parallax-no wpr-sticky-section-no wpr-equal-height-no\" data-id=\"ac06bbd\" data-element_type=\"section\" data-e-type=\"section\">\n\t\t\t\t\t\t<div class=\"elementor-container elementor-column-gap-default\">\n\t\t\t\t\t<div class=\"elementor-column elementor-col-50 elementor-inner-column elementor-element elementor-element-d46d4e7\" data-id=\"d46d4e7\" data-element_type=\"column\" data-e-type=\"column\">\n\t\t\t<div class=\"elementor-widget-wrap elementor-element-populated\">\n\t\t\t\t\t\t<div class=\"elementor-element elementor-element-9986c30 elementor-widget elementor-widget-ba_banner\" data-id=\"9986c30\" data-element_type=\"widget\" data-e-type=\"widget\" data-widget_type=\"ba_banner.default\">\n\t\t\t\t<div class=\"elementor-widget-container\">\n\t\t\t\t\t<div class=\"gva-element-ba_banner gva-element\">\r\n<div class=\"lt-banner-one__single text-left\"><div class=\"lt-banner-one__wrap\"><span class=\"lt-banner-one__count\">10&nbsp;Wycieczki <\/span><div class=\"lt-banner-one__image\"><img decoding=\"async\" src=\"https:\/\/biedronkawycieczki.com\/wp-content\/uploads\/2025\/10\/image-215.png\" alt=\"serce Egiptu i staro\u017cytno\u015bci\" \/><\/div><div class=\"lt-banner-one__content\"><div class=\"lt-banner-one__subtitle\">Kair<\/div><h3 class=\"lt-banner-one__title\">serce Egiptu i staro\u017cytno\u015bci<\/h3><\/div><a class=\"lt-banner-one__link\"  href=\"https:\/\/biedronkawycieczki.com\/en\/ba_location\/kair\/\"><\/a><\/div><\/div>\r\n\r\n<\/div>\t\t\t\t<\/div>\n\t\t\t\t<\/div>\n\t\t\t\t\t<\/div>\n\t\t<\/div>\n\t\t\t\t<div class=\"elementor-column elementor-col-50 elementor-inner-column elementor-element elementor-element-1d96aca\" data-id=\"1d96aca\" data-element_type=\"column\" data-e-type=\"column\">\n\t\t\t<div class=\"elementor-widget-wrap elementor-element-populated\">\n\t\t\t\t\t\t<div class=\"elementor-element elementor-element-41f8a78 elementor-widget elementor-widget-ba_banner\" data-id=\"41f8a78\" data-element_type=\"widget\" data-e-type=\"widget\" data-widget_type=\"ba_banner.default\">\n\t\t\t\t<div class=\"elementor-widget-container\">\n\t\t\t\t\t<div class=\"gva-element-ba_banner gva-element\">\r\n<div class=\"lt-banner-one__single text-left\"><div class=\"lt-banner-one__wrap\"><span class=\"lt-banner-one__count\">6&nbsp;Wycieczki <\/span><div class=\"lt-banner-one__image\"><img decoding=\"async\" src=\"https:\/\/biedronkawycieczki.com\/wp-content\/uploads\/2025\/10\/caption-1.jpg\" alt=\"miasto faraon\u00f3w\" \/><\/div><div class=\"lt-banner-one__content\"><div class=\"lt-banner-one__subtitle\">Luksor<\/div><h3 class=\"lt-banner-one__title\">miasto faraon\u00f3w<\/h3><\/div><a class=\"lt-banner-one__link\"  href=\"https:\/\/biedronkawycieczki.com\/en\/ba_location\/luksor\/\"><\/a><\/div><\/div>\r\n\r\n<\/div>\t\t\t\t<\/div>\n\t\t\t\t<\/div>\n\t\t\t\t\t<\/div>\n\t\t<\/div>\n\t\t\t\t\t<\/div>\n\t\t<\/section>\n\t\t\t\t\t<\/div>\n\t\t<\/div>\n\t\t\t\t\t<\/div>\n\t\t<\/section>\n\t\t\t\t<\/div>","protected":false},"excerpt":{"rendered":"<p>Miejsce docelowe biedronka wycieczki Kierunki Podr\u00f3\u017cy \u2728 Odkryj najpi\u0119kniejsze miejsca w Egipcie \ud83c\uddea\ud83c\uddec 54&nbsp;Wycieczki Hurghada raj nad Morzem Czerwonym 27&nbsp;Wycieczki Marsa Alam spok\u00f3j, natura i rafy koralowe 10&nbsp;Wycieczki Kair serce Egiptu i staro\u017cytno\u015bci 6&nbsp;Wycieczki Luksor miasto faraon\u00f3w<\/p>","protected":false},"author":1,"featured_media":0,"parent":0,"menu_order":0,"comment_status":"closed","ping_status":"closed","template":"","meta":{"footnotes":""},"class_list":["post-195","page","type-page","status-publish","hentry"],"_links":{"self":[{"href":"https:\/\/biedronkawycieczki.com\/en\/wp-json\/wp\/v2\/pages\/195","targetHints":{"allow":["GET"]}}],"collection":[{"href":"https:\/\/biedronkawycieczki.com\/en\/wp-json\/wp\/v2\/pages"}],"about":[{"href":"https:\/\/biedronkawycieczki.com\/en\/wp-json\/wp\/v2\/types\/page"}],"author":[{"embeddable":true,"href":"https:\/\/biedronkawycieczki.com\/en\/wp-json\/wp\/v2\/users\/1"}],"replies":[{"embeddable":true,"href":"https:\/\/biedronkawycieczki.com\/en\/wp-json\/wp\/v2\/comments?post=195"}],"version-history":[{"count":11,"href":"https:\/\/biedronkawycieczki.com\/en\/wp-json\/wp\/v2\/pages\/195\/revisions"}],"predecessor-version":[{"id":1647,"href":"https:\/\/biedronkawycieczki.com\/en\/wp-json\/wp\/v2\/pages\/195\/revisions\/1647"}],"wp:attachment":[{"href":"https:\/\/biedronkawycieczki.com\/en\/wp-json\/wp\/v2\/media?parent=195"}],"curies":[{"name":"wp","href":"https:\/\/api.w.org\/{rel}","templated":true}]}}